{"id":3071,"date":"2025-09-03T09:27:22","date_gmt":"2025-09-03T07:27:22","guid":{"rendered":"https:\/\/www.secli-weinwelt.ch\/cms\/?page_id=3071"},"modified":"2025-09-04T15:52:16","modified_gmt":"2025-09-04T13:52:16","slug":"weine-der-loire","status":"publish","type":"page","link":"https:\/\/www.secli-weinwelt.ch\/cms\/weinwissen\/weine-der-loire\/","title":{"rendered":"Weine der Loire"},"content":{"rendered":"","protected":false},"excerpt":{"rendered":"","protected":false},"author":2,"featured_media":3079,"parent":2207,"menu_order":4,"comment_status":"closed","ping_status":"closed","template":"","meta":{"_acf_changed":false,"inline_featured_image":false},"class_list":["post-3071","page","type-page","status-publish","has-post-thumbnail","hentry"],"acf":[],"yoast_head":"<!-- This site is optimized with the Yoast SEO plugin v27.4 - https:\/\/yoast.com\/product\/yoast-seo-wordpress\/ -->\n<title>Weine der Loire - Secli Weinwelt<\/title>\n<meta name=\"description\" content=\"Weine der Loire Entdecke Loire-Weine bei Secli Weinwelt: Sancerre, Pouilly-Fum\u00e9, Saumur Champigny und mehr. Vielfalt, Geschichte und franz\u00f6sischer Genuss direkt im Glas. Durchst\u00f6bere den SECLI Onlineshop!%\" \/>\n<meta name=\"robots\" content=\"index, follow, max-snippet:-1, max-image-preview:large, max-video-preview:-1\" \/>\n<link rel=\"canonical\" href=\"https:\/\/www.secli-weinwelt.ch\/cms\/weinwissen\/weine-der-loire\/\" \/>\n<meta property=\"og:locale\" content=\"de_DE\" \/>\n<meta property=\"og:type\" content=\"article\" \/>\n<meta property=\"og:title\" content=\"Weine der Loire - Secli Weinwelt\" \/>\n<meta property=\"og:description\" content=\"Weine der Loire Entdecke Loire-Weine bei Secli Weinwelt: Sancerre, Pouilly-Fum\u00e9, Saumur Champigny und mehr. Vielfalt, Geschichte und franz\u00f6sischer Genuss direkt im Glas. Durchst\u00f6bere den SECLI Onlineshop!%\" \/>\n<meta property=\"og:url\" content=\"https:\/\/www.secli-weinwelt.ch\/cms\/weinwissen\/weine-der-loire\/\" \/>\n<meta property=\"og:site_name\" content=\"Secli Weinwelt\" \/>\n<meta property=\"article:publisher\" content=\"https:\/\/www.facebook.com\/secli.weinwelt\/\" \/>\n<meta property=\"article:modified_time\" content=\"2025-09-04T13:52:16+00:00\" \/>\n<meta property=\"og:image\" content=\"https:\/\/www.secli-weinwelt.ch\/cms\/wp-content\/uploads\/f3_secli-weinwelt-champagne2000-x-1122-5.jpg\" \/>\n\t<meta property=\"og:image:width\" content=\"1024\" \/>\n\t<meta property=\"og:image:height\" content=\"574\" \/>\n\t<meta property=\"og:image:type\" content=\"image\/jpeg\" \/>\n<meta name=\"twitter:card\" content=\"summary_large_image\" \/>\n<meta name=\"twitter:label1\" content=\"Gesch\u00e4tzte Lesezeit\" \/>\n\t<meta name=\"twitter:data1\" content=\"4\u00a0Minuten\" \/>\n<script type=\"application\/ld+json\" class=\"yoast-schema-graph\">{\"@context\":\"https:\\\/\\\/schema.org\",\"@graph\":[{\"@type\":\"WebPage\",\"@id\":\"https:\\\/\\\/www.secli-weinwelt.ch\\\/cms\\\/weinwissen\\\/weine-der-loire\\\/\",\"url\":\"https:\\\/\\\/www.secli-weinwelt.ch\\\/cms\\\/weinwissen\\\/weine-der-loire\\\/\",\"name\":\"Weine der Loire - Secli Weinwelt\",\"isPartOf\":{\"@id\":\"https:\\\/\\\/www.secli-weinwelt.ch\\\/cms\\\/#website\"},\"primaryImageOfPage\":{\"@id\":\"https:\\\/\\\/www.secli-weinwelt.ch\\\/cms\\\/weinwissen\\\/weine-der-loire\\\/#primaryimage\"},\"image\":{\"@id\":\"https:\\\/\\\/www.secli-weinwelt.ch\\\/cms\\\/weinwissen\\\/weine-der-loire\\\/#primaryimage\"},\"thumbnailUrl\":\"https:\\\/\\\/www.secli-weinwelt.ch\\\/cms\\\/wp-content\\\/uploads\\\/f3_secli-weinwelt-champagne2000-x-1122-5.jpg\",\"datePublished\":\"2025-09-03T07:27:22+00:00\",\"dateModified\":\"2025-09-04T13:52:16+00:00\",\"description\":\"Weine der Loire Entdecke Loire-Weine bei Secli Weinwelt: Sancerre, Pouilly-Fum\u00e9, Saumur Champigny und mehr. Vielfalt, Geschichte und franz\u00f6sischer Genuss direkt im Glas. Durchst\u00f6bere den SECLI Onlineshop!%\",\"breadcrumb\":{\"@id\":\"https:\\\/\\\/www.secli-weinwelt.ch\\\/cms\\\/weinwissen\\\/weine-der-loire\\\/#breadcrumb\"},\"inLanguage\":\"de-CH\",\"potentialAction\":[{\"@type\":\"ReadAction\",\"target\":[\"https:\\\/\\\/www.secli-weinwelt.ch\\\/cms\\\/weinwissen\\\/weine-der-loire\\\/\"]}]},{\"@type\":\"ImageObject\",\"inLanguage\":\"de-CH\",\"@id\":\"https:\\\/\\\/www.secli-weinwelt.ch\\\/cms\\\/weinwissen\\\/weine-der-loire\\\/#primaryimage\",\"url\":\"https:\\\/\\\/www.secli-weinwelt.ch\\\/cms\\\/wp-content\\\/uploads\\\/f3_secli-weinwelt-champagne2000-x-1122-5.jpg\",\"contentUrl\":\"https:\\\/\\\/www.secli-weinwelt.ch\\\/cms\\\/wp-content\\\/uploads\\\/f3_secli-weinwelt-champagne2000-x-1122-5.jpg\",\"width\":1024,\"height\":574,\"caption\":\"f3_secli-weinwelt-champagne2000 x 1122 - 2\"},{\"@type\":\"BreadcrumbList\",\"@id\":\"https:\\\/\\\/www.secli-weinwelt.ch\\\/cms\\\/weinwissen\\\/weine-der-loire\\\/#breadcrumb\",\"itemListElement\":[{\"@type\":\"ListItem\",\"position\":1,\"name\":\"Home\",\"item\":\"https:\\\/\\\/www.secli-weinwelt.ch\\\/cms\\\/\"},{\"@type\":\"ListItem\",\"position\":2,\"name\":\"Weinwissen\",\"item\":\"https:\\\/\\\/www.secli-weinwelt.ch\\\/cms\\\/weinwissen\\\/\"},{\"@type\":\"ListItem\",\"position\":3,\"name\":\"Weine der Loire\"}]},{\"@type\":\"WebSite\",\"@id\":\"https:\\\/\\\/www.secli-weinwelt.ch\\\/cms\\\/#website\",\"url\":\"https:\\\/\\\/www.secli-weinwelt.ch\\\/cms\\\/\",\"name\":\"Secli Weinwelt\",\"description\":\"\",\"potentialAction\":[{\"@type\":\"SearchAction\",\"target\":{\"@type\":\"EntryPoint\",\"urlTemplate\":\"https:\\\/\\\/www.secli-weinwelt.ch\\\/cms\\\/?s={search_term_string}\"},\"query-input\":{\"@type\":\"PropertyValueSpecification\",\"valueRequired\":true,\"valueName\":\"search_term_string\"}}],\"inLanguage\":\"de-CH\"}]}<\/script>\n<!-- \/ Yoast SEO plugin. -->","yoast_head_json":{"title":"Weine der Loire - Secli Weinwelt","description":"Weine der Loire Entdecke Loire-Weine bei Secli Weinwelt: Sancerre, Pouilly-Fum\u00e9, Saumur Champigny und mehr. Vielfalt, Geschichte und franz\u00f6sischer Genuss direkt im Glas. Durchst\u00f6bere den SECLI Onlineshop!%","robots":{"index":"index","follow":"follow","max-snippet":"max-snippet:-1","max-image-preview":"max-image-preview:large","max-video-preview":"max-video-preview:-1"},"canonical":"https:\/\/www.secli-weinwelt.ch\/cms\/weinwissen\/weine-der-loire\/","og_locale":"de_DE","og_type":"article","og_title":"Weine der Loire - Secli Weinwelt","og_description":"Weine der Loire Entdecke Loire-Weine bei Secli Weinwelt: Sancerre, Pouilly-Fum\u00e9, Saumur Champigny und mehr. Vielfalt, Geschichte und franz\u00f6sischer Genuss direkt im Glas. Durchst\u00f6bere den SECLI Onlineshop!%","og_url":"https:\/\/www.secli-weinwelt.ch\/cms\/weinwissen\/weine-der-loire\/","og_site_name":"Secli Weinwelt","article_publisher":"https:\/\/www.facebook.com\/secli.weinwelt\/","article_modified_time":"2025-09-04T13:52:16+00:00","og_image":[{"width":1024,"height":574,"url":"https:\/\/www.secli-weinwelt.ch\/cms\/wp-content\/uploads\/f3_secli-weinwelt-champagne2000-x-1122-5.jpg","type":"image\/jpeg"}],"twitter_card":"summary_large_image","twitter_misc":{"Gesch\u00e4tzte Lesezeit":"4\u00a0Minuten"},"schema":{"@context":"https:\/\/schema.org","@graph":[{"@type":"WebPage","@id":"https:\/\/www.secli-weinwelt.ch\/cms\/weinwissen\/weine-der-loire\/","url":"https:\/\/www.secli-weinwelt.ch\/cms\/weinwissen\/weine-der-loire\/","name":"Weine der Loire - Secli Weinwelt","isPartOf":{"@id":"https:\/\/www.secli-weinwelt.ch\/cms\/#website"},"primaryImageOfPage":{"@id":"https:\/\/www.secli-weinwelt.ch\/cms\/weinwissen\/weine-der-loire\/#primaryimage"},"image":{"@id":"https:\/\/www.secli-weinwelt.ch\/cms\/weinwissen\/weine-der-loire\/#primaryimage"},"thumbnailUrl":"https:\/\/www.secli-weinwelt.ch\/cms\/wp-content\/uploads\/f3_secli-weinwelt-champagne2000-x-1122-5.jpg","datePublished":"2025-09-03T07:27:22+00:00","dateModified":"2025-09-04T13:52:16+00:00","description":"Weine der Loire Entdecke Loire-Weine bei Secli Weinwelt: Sancerre, Pouilly-Fum\u00e9, Saumur Champigny und mehr. Vielfalt, Geschichte und franz\u00f6sischer Genuss direkt im Glas. Durchst\u00f6bere den SECLI Onlineshop!%","breadcrumb":{"@id":"https:\/\/www.secli-weinwelt.ch\/cms\/weinwissen\/weine-der-loire\/#breadcrumb"},"inLanguage":"de-CH","potentialAction":[{"@type":"ReadAction","target":["https:\/\/www.secli-weinwelt.ch\/cms\/weinwissen\/weine-der-loire\/"]}]},{"@type":"ImageObject","inLanguage":"de-CH","@id":"https:\/\/www.secli-weinwelt.ch\/cms\/weinwissen\/weine-der-loire\/#primaryimage","url":"https:\/\/www.secli-weinwelt.ch\/cms\/wp-content\/uploads\/f3_secli-weinwelt-champagne2000-x-1122-5.jpg","contentUrl":"https:\/\/www.secli-weinwelt.ch\/cms\/wp-content\/uploads\/f3_secli-weinwelt-champagne2000-x-1122-5.jpg","width":1024,"height":574,"caption":"f3_secli-weinwelt-champagne2000 x 1122 - 2"},{"@type":"BreadcrumbList","@id":"https:\/\/www.secli-weinwelt.ch\/cms\/weinwissen\/weine-der-loire\/#breadcrumb","itemListElement":[{"@type":"ListItem","position":1,"name":"Home","item":"https:\/\/www.secli-weinwelt.ch\/cms\/"},{"@type":"ListItem","position":2,"name":"Weinwissen","item":"https:\/\/www.secli-weinwelt.ch\/cms\/weinwissen\/"},{"@type":"ListItem","position":3,"name":"Weine der Loire"}]},{"@type":"WebSite","@id":"https:\/\/www.secli-weinwelt.ch\/cms\/#website","url":"https:\/\/www.secli-weinwelt.ch\/cms\/","name":"Secli Weinwelt","description":"","potentialAction":[{"@type":"SearchAction","target":{"@type":"EntryPoint","urlTemplate":"https:\/\/www.secli-weinwelt.ch\/cms\/?s={search_term_string}"},"query-input":{"@type":"PropertyValueSpecification","valueRequired":true,"valueName":"search_term_string"}}],"inLanguage":"de-CH"}]}},"_links":{"self":[{"href":"https:\/\/www.secli-weinwelt.ch\/cms\/wp-json\/wp\/v2\/pages\/3071","targetHints":{"allow":["GET"]}}],"collection":[{"href":"https:\/\/www.secli-weinwelt.ch\/cms\/wp-json\/wp\/v2\/pages"}],"about":[{"href":"https:\/\/www.secli-weinwelt.ch\/cms\/wp-json\/wp\/v2\/types\/page"}],"author":[{"embeddable":true,"href":"https:\/\/www.secli-weinwelt.ch\/cms\/wp-json\/wp\/v2\/users\/2"}],"replies":[{"embeddable":true,"href":"https:\/\/www.secli-weinwelt.ch\/cms\/wp-json\/wp\/v2\/comments?post=3071"}],"version-history":[{"count":10,"href":"https:\/\/www.secli-weinwelt.ch\/cms\/wp-json\/wp\/v2\/pages\/3071\/revisions"}],"predecessor-version":[{"id":3103,"href":"https:\/\/www.secli-weinwelt.ch\/cms\/wp-json\/wp\/v2\/pages\/3071\/revisions\/3103"}],"up":[{"embeddable":true,"href":"https:\/\/www.secli-weinwelt.ch\/cms\/wp-json\/wp\/v2\/pages\/2207"}],"wp:featuredmedia":[{"embeddable":true,"href":"https:\/\/www.secli-weinwelt.ch\/cms\/wp-json\/wp\/v2\/media\/3079"}],"wp:attachment":[{"href":"https:\/\/www.secli-weinwelt.ch\/cms\/wp-json\/wp\/v2\/media?parent=3071"}],"curies":[{"name":"wp","href":"https:\/\/api.w.org\/{rel}","templated":true}]}}